{"id":5277,"date":"2026-01-05T13:09:47","date_gmt":"2026-01-05T13:09:47","guid":{"rendered":"https:\/\/tomatisconvention.com\/product\/bilet-wstepu-na-konwencje\/"},"modified":"2026-01-22T04:19:27","modified_gmt":"2026-01-22T04:19:27","slug":"bilet-wstepu-na-konwencje","status":"publish","type":"product","link":"https:\/\/tomatisconvention.com\/pl\/produkt\/bilet-wstepu-na-konwencje\/","title":{"rendered":"Bilet wst\u0119pu na konwencj\u0119"},"content":{"rendered":"<p><strong>CO OBEJMUJE REJESTRACJA<br \/>\n<\/strong>* Pe\u0142ny dost\u0119p do zaj\u0119\u0107 konferencyjnych<br \/>\n* Zakwaterowanie w hotelu<br \/>\n* Lunch i kolacja podczas wydarzenia<br \/>\n* Uroczysta kolacja<strong><br \/>\n<\/strong><\/p>\n<p><em><strong>Zasady dotycz\u0105ce os\u00f3b towarzysz\u0105cych<\/strong><\/em><br \/>\n* Osoby towarzysz\u0105ce dziel\u0105 pok\u00f3j z zarejestrowanym uczestnikiem. Osoby towarzysz\u0105ce maj\u0105 dost\u0119p do planu posi\u0142k\u00f3w z pe\u0142nym wy\u017cywieniem i uroczystej kolacji, ale <strong>nie maj\u0105 dost\u0119pu do sesji konferencyjnych ani zaj\u0119\u0107<\/strong>.<\/p>\n","protected":false},"excerpt":{"rendered":"<p>CO OBEJMUJE REJESTRACJA * Pe\u0142ny dost\u0119p do zaj\u0119\u0107 konferencyjnych * Zakwaterowanie w hotelu * Lunch i kolacja podczas wydarzenia * Uroczysta kolacja Zasady dotycz\u0105ce os\u00f3b towarzysz\u0105cych * Osoby towarzysz\u0105ce dziel\u0105 pok\u00f3j z zarejestrowanym uczestnikiem. Osoby towarzysz\u0105ce maj\u0105 dost\u0119p do planu posi\u0142k\u00f3w z pe\u0142nym wy\u017cywieniem i uroczystej kolacji, ale nie maj\u0105 dost\u0119pu do sesji konferencyjnych ani [&hellip;]<\/p>\n","protected":false},"featured_media":6513,"template":"","meta":[],"product_brand":[],"product_cat":[81],"product_tag":[],"class_list":{"0":"post-5277","1":"product","2":"type-product","3":"status-publish","4":"has-post-thumbnail","6":"product_cat-kongres","8":"first","9":"instock","10":"sale","11":"taxable","12":"shipping-taxable","13":"purchasable","14":"product-type-variable","15":"has-default-attributes"},"_links":{"self":[{"href":"https:\/\/tomatisconvention.com\/pl\/wp-json\/wp\/v2\/product\/5277","targetHints":{"allow":["GET"]}}],"collection":[{"href":"https:\/\/tomatisconvention.com\/pl\/wp-json\/wp\/v2\/product"}],"about":[{"href":"https:\/\/tomatisconvention.com\/pl\/wp-json\/wp\/v2\/types\/product"}],"wp:featuredmedia":[{"embeddable":true,"href":"https:\/\/tomatisconvention.com\/pl\/wp-json\/wp\/v2\/media\/6513"}],"wp:attachment":[{"href":"https:\/\/tomatisconvention.com\/pl\/wp-json\/wp\/v2\/media?parent=5277"}],"wp:term":[{"taxonomy":"product_brand","embeddable":true,"href":"https:\/\/tomatisconvention.com\/pl\/wp-json\/wp\/v2\/product_brand?post=5277"},{"taxonomy":"product_cat","embeddable":true,"href":"https:\/\/tomatisconvention.com\/pl\/wp-json\/wp\/v2\/product_cat?post=5277"},{"taxonomy":"product_tag","embeddable":true,"href":"https:\/\/tomatisconvention.com\/pl\/wp-json\/wp\/v2\/product_tag?post=5277"}],"curies":[{"name":"wp","href":"https:\/\/api.w.org\/{rel}","templated":true}]}}