{"id":3089,"date":"2023-01-26T08:17:29","date_gmt":"2023-01-26T08:17:29","guid":{"rendered":"https:\/\/tomatisconvention.com\/product\/depozyt-kongres-metody-tomatisa-2023\/"},"modified":"2023-02-23T17:04:57","modified_gmt":"2023-02-23T17:04:57","slug":"wejscie-2023","status":"publish","type":"product","link":"https:\/\/tomatisconvention.com\/pl\/produkt\/wejscie-2023\/","title":{"rendered":"Depozyt &#8211; Kongres Metody Tomatisa\u00ae 2023"},"content":{"rendered":"<p><strong>DEPOZYT za osob\u0119 : <\/strong>300 EUR\/USD<\/p>\n<p><b>CENY WCZESNEJ REJESTRACJI (do 31 marca) :<br \/>\n<\/b><b>Pok\u00f3j jednoosobowy: <\/b>1090\u20ac\/1200$, <b>Pok\u00f3j typu Double albo Twin: <\/b>890\u20ac\/980$, <b>Osoba towarzysz\u0105ca**: <\/b>730\u20ac\/800$<\/p>\n<p><strong>NORMALNA CENA (po 31 marca)<\/strong> :<br \/>\n<b>Pok\u00f3j jednoosobowy: <\/b>1250\u20ac\/1375$, <b>Pok\u00f3j typu Double albo Twin: <\/b>1050\u20ac\/1155$, <b>Osoba towarzysz\u0105ca**: <\/b>890\u20ac\/ 979$<\/p>\n<p><strong>OBEJMUJE<\/strong> : Zaj\u0119cia konferencyjne, Pok\u00f3j hotelowy, Lunch, Kolacja, Gala, Mini bar (soft)<\/p>\n<p>**Osoba towarzysz\u0105ca b\u0119dzie dzieli\u0107 pok\u00f3j z uczestnikiem, dost\u0119p do pe\u0142nego planu posi\u0142k\u00f3w i uroczystej kolacji, ale nie mo\u017ce uczestniczy\u0107 w konferencji.<\/p>\n","protected":false},"excerpt":{"rendered":"<p>DEPOZYT za osob\u0119 : 300 EUR\/USD CENY WCZESNEJ REJESTRACJI (do 31 marca) : Pok\u00f3j jednoosobowy: 1090\u20ac\/1200$, Pok\u00f3j typu Double albo Twin: 890\u20ac\/980$, Osoba towarzysz\u0105ca**: 730\u20ac\/800$ NORMALNA CENA (po 31 marca) : Pok\u00f3j jednoosobowy: 1250\u20ac\/1375$, Pok\u00f3j typu Double albo Twin: 1050\u20ac\/1155$, Osoba towarzysz\u0105ca**: 890\u20ac\/ 979$ OBEJMUJE : Zaj\u0119cia konferencyjne, Pok\u00f3j hotelowy, Lunch, Kolacja, Gala, Mini bar [&hellip;]<\/p>\n","protected":false},"featured_media":1922,"template":"","meta":[],"product_brand":[],"product_cat":[81],"product_tag":[],"class_list":{"0":"post-3089","1":"product","2":"type-product","3":"status-publish","4":"has-post-thumbnail","6":"product_cat-kongres","8":"first","9":"instock","10":"sold-individually","11":"purchasable","12":"product-type-variable"},"_links":{"self":[{"href":"https:\/\/tomatisconvention.com\/pl\/wp-json\/wp\/v2\/product\/3089","targetHints":{"allow":["GET"]}}],"collection":[{"href":"https:\/\/tomatisconvention.com\/pl\/wp-json\/wp\/v2\/product"}],"about":[{"href":"https:\/\/tomatisconvention.com\/pl\/wp-json\/wp\/v2\/types\/product"}],"wp:featuredmedia":[{"embeddable":true,"href":"https:\/\/tomatisconvention.com\/pl\/wp-json\/wp\/v2\/media\/1922"}],"wp:attachment":[{"href":"https:\/\/tomatisconvention.com\/pl\/wp-json\/wp\/v2\/media?parent=3089"}],"wp:term":[{"taxonomy":"product_brand","embeddable":true,"href":"https:\/\/tomatisconvention.com\/pl\/wp-json\/wp\/v2\/product_brand?post=3089"},{"taxonomy":"product_cat","embeddable":true,"href":"https:\/\/tomatisconvention.com\/pl\/wp-json\/wp\/v2\/product_cat?post=3089"},{"taxonomy":"product_tag","embeddable":true,"href":"https:\/\/tomatisconvention.com\/pl\/wp-json\/wp\/v2\/product_tag?post=3089"}],"curies":[{"name":"wp","href":"https:\/\/api.w.org\/{rel}","templated":true}]}}