{"id":5247,"date":"2026-01-05T13:09:47","date_gmt":"2026-01-05T13:09:47","guid":{"rendered":"https:\/\/tomatisconvention.com\/product\/billet-dentree-a-la-convention\/"},"modified":"2026-01-22T04:18:21","modified_gmt":"2026-01-22T04:18:21","slug":"billet-dentree-a-la-convention","status":"publish","type":"product","link":"https:\/\/tomatisconvention.com\/fr\/produit\/billet-dentree-a-la-convention\/","title":{"rendered":"Billet d&rsquo;entr\u00e9e \u00e0 la convention"},"content":{"rendered":"<p><strong>CE QUE VOTRE INSCRIPTION COMPREND<br \/>\n<\/strong>* Acc\u00e8s complet aux activit\u00e9s de la conf\u00e9rence<br \/>\n* H\u00e9bergement \u00e0 l&rsquo;h\u00f4tel<br \/>\n* D\u00e9jeuner et d\u00eener pendant l&rsquo;\u00e9v\u00e9nement<br \/>\n* D\u00eener de gala<strong><br \/>\n<\/strong><\/p>\n<p><em><strong>Politique relative aux accompagnateurs<\/strong><\/em><br \/>\n* Les personnes accompagnantes partagent une chambre avec un participant inscrit. Ils ont acc\u00e8s \u00e0 la pension compl\u00e8te et au d\u00eener de gala, mais <strong>n&rsquo;ont pas acc\u00e8s aux sessions et activit\u00e9s de la conf\u00e9rence<\/strong>.<\/p>\n","protected":false},"excerpt":{"rendered":"<p>CE QUE VOTRE INSCRIPTION COMPREND * Acc\u00e8s complet aux activit\u00e9s de la conf\u00e9rence * H\u00e9bergement \u00e0 l&rsquo;h\u00f4tel * D\u00e9jeuner et d\u00eener pendant l&rsquo;\u00e9v\u00e9nement * D\u00eener de gala Politique relative aux accompagnateurs * Les personnes accompagnantes partagent une chambre avec un participant inscrit. Ils ont acc\u00e8s \u00e0 la pension compl\u00e8te et au d\u00eener de gala, mais [&hellip;]<\/p>\n","protected":false},"featured_media":6511,"template":"","meta":[],"product_brand":[],"product_cat":[76],"product_tag":[],"class_list":{"0":"post-5247","1":"product","2":"type-product","3":"status-publish","4":"has-post-thumbnail","6":"product_cat-conference-fr","8":"first","9":"instock","10":"sale","11":"taxable","12":"shipping-taxable","13":"purchasable","14":"product-type-variable","15":"has-default-attributes"},"_links":{"self":[{"href":"https:\/\/tomatisconvention.com\/fr\/wp-json\/wp\/v2\/product\/5247","targetHints":{"allow":["GET"]}}],"collection":[{"href":"https:\/\/tomatisconvention.com\/fr\/wp-json\/wp\/v2\/product"}],"about":[{"href":"https:\/\/tomatisconvention.com\/fr\/wp-json\/wp\/v2\/types\/product"}],"wp:featuredmedia":[{"embeddable":true,"href":"https:\/\/tomatisconvention.com\/fr\/wp-json\/wp\/v2\/media\/6511"}],"wp:attachment":[{"href":"https:\/\/tomatisconvention.com\/fr\/wp-json\/wp\/v2\/media?parent=5247"}],"wp:term":[{"taxonomy":"product_brand","embeddable":true,"href":"https:\/\/tomatisconvention.com\/fr\/wp-json\/wp\/v2\/product_brand?post=5247"},{"taxonomy":"product_cat","embeddable":true,"href":"https:\/\/tomatisconvention.com\/fr\/wp-json\/wp\/v2\/product_cat?post=5247"},{"taxonomy":"product_tag","embeddable":true,"href":"https:\/\/tomatisconvention.com\/fr\/wp-json\/wp\/v2\/product_tag?post=5247"}],"curies":[{"name":"wp","href":"https:\/\/api.w.org\/{rel}","templated":true}]}}