{"id":2944,"date":"2023-01-26T08:17:29","date_gmt":"2023-01-26T08:17:29","guid":{"rendered":"https:\/\/tomatisconvention.com\/product\/acompte-tomatis-conference-2023\/"},"modified":"2023-02-22T09:37:50","modified_gmt":"2023-02-22T09:37:50","slug":"entrance-2023","status":"publish","type":"product","link":"https:\/\/tomatisconvention.com\/fr\/produit\/entrance-2023\/","title":{"rendered":"Acompte &#8211; Tomatis\u00a9 Conference 2023"},"content":{"rendered":"<p><strong>ACOMPTE Par Personne : <\/strong>300 EUR\/USD<\/p>\n<p><b>Tarif r\u00e9duit Premi\u00e8res inscriptions (avant 31 mars) :<br \/>\n<\/b><b>Individuelle: <\/b>1090\u20ac\/1200$, <b>Double ou Twin: <\/b>890\u20ac\/980$, <b>Accompagnateur*: <\/b>730\u20ac\/800$<\/p>\n<p><strong>Tarif standard (apr\u00e8s 31 mars)<\/strong> :<br \/>\n<b>Individuelle: <\/b>1250\u20ac\/1375$, <b>Double ouTwin: <\/b>1050\u20ac\/1155$, <b>Accompagnateur*: <\/b>890\u20ac\/ 979$<\/p>\n<p><strong>COMPRENDS<\/strong> : Conference, Chambre Hotel, R\u00e9pas, D\u00eener de Gala, Mini bar (soft)<\/p>\n<p>*La personne accompagnante partagera une chambre avec un participant, l&rsquo;acc\u00e8s \u00e0 la pension compl\u00e8te et au d\u00eener de gala mais ne pourra pas assister \u00e0 la conf\u00e9rence.<\/p>\n","protected":false},"excerpt":{"rendered":"<p>ACOMPTE Par Personne : 300 EUR\/USD Tarif r\u00e9duit Premi\u00e8res inscriptions (avant 31 mars) : Individuelle: 1090\u20ac\/1200$, Double ou Twin: 890\u20ac\/980$, Accompagnateur*: 730\u20ac\/800$ Tarif standard (apr\u00e8s 31 mars) : Individuelle: 1250\u20ac\/1375$, Double ouTwin: 1050\u20ac\/1155$, Accompagnateur*: 890\u20ac\/ 979$ COMPRENDS : Conference, Chambre Hotel, R\u00e9pas, D\u00eener de Gala, Mini bar (soft) *La personne accompagnante partagera une chambre avec [&hellip;]<\/p>\n","protected":false},"featured_media":1920,"template":"","meta":[],"product_brand":[],"product_cat":[76],"product_tag":[],"class_list":{"0":"post-2944","1":"product","2":"type-product","3":"status-publish","4":"has-post-thumbnail","6":"product_cat-conference-fr","8":"first","9":"instock","10":"sold-individually","11":"purchasable","12":"product-type-variable"},"_links":{"self":[{"href":"https:\/\/tomatisconvention.com\/fr\/wp-json\/wp\/v2\/product\/2944","targetHints":{"allow":["GET"]}}],"collection":[{"href":"https:\/\/tomatisconvention.com\/fr\/wp-json\/wp\/v2\/product"}],"about":[{"href":"https:\/\/tomatisconvention.com\/fr\/wp-json\/wp\/v2\/types\/product"}],"wp:featuredmedia":[{"embeddable":true,"href":"https:\/\/tomatisconvention.com\/fr\/wp-json\/wp\/v2\/media\/1920"}],"wp:attachment":[{"href":"https:\/\/tomatisconvention.com\/fr\/wp-json\/wp\/v2\/media?parent=2944"}],"wp:term":[{"taxonomy":"product_brand","embeddable":true,"href":"https:\/\/tomatisconvention.com\/fr\/wp-json\/wp\/v2\/product_brand?post=2944"},{"taxonomy":"product_cat","embeddable":true,"href":"https:\/\/tomatisconvention.com\/fr\/wp-json\/wp\/v2\/product_cat?post=2944"},{"taxonomy":"product_tag","embeddable":true,"href":"https:\/\/tomatisconvention.com\/fr\/wp-json\/wp\/v2\/product_tag?post=2944"}],"curies":[{"name":"wp","href":"https:\/\/api.w.org\/{rel}","templated":true}]}}