{"id":5229,"date":"2026-01-05T13:09:47","date_gmt":"2026-01-05T13:09:47","guid":{"rendered":"https:\/\/tomatisconvention.com\/product\/entrada-a-la-convencion\/"},"modified":"2026-01-22T04:22:28","modified_gmt":"2026-01-22T04:22:28","slug":"entrada-a-la-convencion","status":"publish","type":"product","link":"https:\/\/tomatisconvention.com\/es\/producto\/entrada-a-la-convencion\/","title":{"rendered":"Entrada a la Convenci\u00f3n"},"content":{"rendered":"<p><strong>LO QUE INCLUYE TU INSCRIPCI\u00d3N<br \/>\n<\/strong>* Acceso completo a las actividades de la conferencia<br \/>\n* Alojamiento en hotel<br \/>\n* Comida y cena durante el evento<br \/>\n* Cena de gala<strong><br \/>\n<\/strong><\/p>\n<p><em><strong>Pol\u00edtica de acompa\u00f1antes<\/strong><\/em><br \/>\n* Los acompa\u00f1antes comparten habitaci\u00f3n con un participante inscrito. Tienen acceso al r\u00e9gimen de pensi\u00f3n completa y a la cena de gala, pero <strong>no tienen acceso a las sesiones ni a las actividades de la conferencia<\/strong>.<\/p>\n","protected":false},"excerpt":{"rendered":"<p>LO QUE INCLUYE TU INSCRIPCI\u00d3N * Acceso completo a las actividades de la conferencia * Alojamiento en hotel * Comida y cena durante el evento * Cena de gala Pol\u00edtica de acompa\u00f1antes * Los acompa\u00f1antes comparten habitaci\u00f3n con un participante inscrito. Tienen acceso al r\u00e9gimen de pensi\u00f3n completa y a la cena de gala, pero [&hellip;]<\/p>\n","protected":false},"featured_media":6515,"template":"","meta":[],"product_brand":[],"product_cat":[90],"product_tag":[],"class_list":{"0":"post-5229","1":"product","2":"type-product","3":"status-publish","4":"has-post-thumbnail","6":"product_cat-conferencia","8":"first","9":"instock","10":"sale","11":"taxable","12":"shipping-taxable","13":"purchasable","14":"product-type-variable","15":"has-default-attributes"},"_links":{"self":[{"href":"https:\/\/tomatisconvention.com\/es\/wp-json\/wp\/v2\/product\/5229","targetHints":{"allow":["GET"]}}],"collection":[{"href":"https:\/\/tomatisconvention.com\/es\/wp-json\/wp\/v2\/product"}],"about":[{"href":"https:\/\/tomatisconvention.com\/es\/wp-json\/wp\/v2\/types\/product"}],"wp:featuredmedia":[{"embeddable":true,"href":"https:\/\/tomatisconvention.com\/es\/wp-json\/wp\/v2\/media\/6515"}],"wp:attachment":[{"href":"https:\/\/tomatisconvention.com\/es\/wp-json\/wp\/v2\/media?parent=5229"}],"wp:term":[{"taxonomy":"product_brand","embeddable":true,"href":"https:\/\/tomatisconvention.com\/es\/wp-json\/wp\/v2\/product_brand?post=5229"},{"taxonomy":"product_cat","embeddable":true,"href":"https:\/\/tomatisconvention.com\/es\/wp-json\/wp\/v2\/product_cat?post=5229"},{"taxonomy":"product_tag","embeddable":true,"href":"https:\/\/tomatisconvention.com\/es\/wp-json\/wp\/v2\/product_tag?post=5229"}],"curies":[{"name":"wp","href":"https:\/\/api.w.org\/{rel}","templated":true}]}}