{"id":3110,"date":"2023-01-26T08:17:29","date_gmt":"2023-01-26T08:17:29","guid":{"rendered":"https:\/\/tomatisconvention.com\/product\/deposito-convencion-internacional-tomatis-2023\/"},"modified":"2023-02-23T12:07:45","modified_gmt":"2023-02-23T12:07:45","slug":"entrada-2023","status":"publish","type":"product","link":"https:\/\/tomatisconvention.com\/es\/producto\/entrada-2023\/","title":{"rendered":"Dep\u00f3sito &#8211; Convenci\u00f3n internacional Tomatis\u00ae 2023"},"content":{"rendered":"<p><strong>DEP\u00d3SITO por persona : <\/strong>300 EUR\/USD<\/p>\n<p><b>TARIFA &#8216;RESERVA ANTICIPADA'(hasta el 31 de marzo de 2023) :<br \/>\n<\/b><b>Individual: <\/b>1090\u20ac\/1200$, <b>Doble: <\/b>890\u20ac\/980$, <b>Acompa\u00f1ante**: <\/b>730\u20ac\/800$<\/p>\n<p><strong>PRECIOS NORMALES (despu\u00e9s del 30 de marzo)<\/strong> :<br \/>\n<b>Individual: <\/b>1250\u20ac\/1375$, <b>Doble: <\/b>1050\u20ac\/1155$, <b>Acompa\u00f1ante**: <\/b>890\u20ac\/ 979$<\/p>\n<p><strong>INCLUYE<\/strong> : Conferencias y talleres, Alojamiento en pensi\u00f3n completa, Cena de Gala, Mini Bar (soft)<\/p>\n<p>**El acompa\u00f1ante compartir\u00e1 habitaci\u00f3n con un participante, tendr\u00e1 acceso a pensi\u00f3n completa y cena de gala pero no podr\u00e1 asistir a las conferencias.<\/p>\n","protected":false},"excerpt":{"rendered":"<p>DEP\u00d3SITO por persona : 300 EUR\/USD TARIFA &#8216;RESERVA ANTICIPADA'(hasta el 31 de marzo de 2023) : Individual: 1090\u20ac\/1200$, Doble: 890\u20ac\/980$, Acompa\u00f1ante**: 730\u20ac\/800$ PRECIOS NORMALES (despu\u00e9s del 30 de marzo) : Individual: 1250\u20ac\/1375$, Doble: 1050\u20ac\/1155$, Acompa\u00f1ante**: 890\u20ac\/ 979$ INCLUYE : Conferencias y talleres, Alojamiento en pensi\u00f3n completa, Cena de Gala, Mini Bar (soft) **El acompa\u00f1ante compartir\u00e1 [&hellip;]<\/p>\n","protected":false},"featured_media":1924,"template":"","meta":[],"product_brand":[],"product_cat":[90],"product_tag":[],"class_list":{"0":"post-3110","1":"product","2":"type-product","3":"status-publish","4":"has-post-thumbnail","6":"product_cat-conferencia","8":"first","9":"instock","10":"sold-individually","11":"purchasable","12":"product-type-variable"},"_links":{"self":[{"href":"https:\/\/tomatisconvention.com\/es\/wp-json\/wp\/v2\/product\/3110","targetHints":{"allow":["GET"]}}],"collection":[{"href":"https:\/\/tomatisconvention.com\/es\/wp-json\/wp\/v2\/product"}],"about":[{"href":"https:\/\/tomatisconvention.com\/es\/wp-json\/wp\/v2\/types\/product"}],"wp:featuredmedia":[{"embeddable":true,"href":"https:\/\/tomatisconvention.com\/es\/wp-json\/wp\/v2\/media\/1924"}],"wp:attachment":[{"href":"https:\/\/tomatisconvention.com\/es\/wp-json\/wp\/v2\/media?parent=3110"}],"wp:term":[{"taxonomy":"product_brand","embeddable":true,"href":"https:\/\/tomatisconvention.com\/es\/wp-json\/wp\/v2\/product_brand?post=3110"},{"taxonomy":"product_cat","embeddable":true,"href":"https:\/\/tomatisconvention.com\/es\/wp-json\/wp\/v2\/product_cat?post=3110"},{"taxonomy":"product_tag","embeddable":true,"href":"https:\/\/tomatisconvention.com\/es\/wp-json\/wp\/v2\/product_tag?post=3110"}],"curies":[{"name":"wp","href":"https:\/\/api.w.org\/{rel}","templated":true}]}}