{"id":5265,"date":"2026-01-05T13:09:47","date_gmt":"2026-01-05T13:09:47","guid":{"rendered":"https:\/\/tomatisconvention.com\/product\/eintrittskarte-fuer-den-kongress\/"},"modified":"2026-01-22T04:23:26","modified_gmt":"2026-01-22T04:23:26","slug":"eintrittskarte-fuer-den-kongress","status":"publish","type":"product","link":"https:\/\/tomatisconvention.com\/de\/produkt\/eintrittskarte-fuer-den-kongress\/","title":{"rendered":"Eintrittskarte f\u00fcr den Kongress"},"content":{"rendered":"<p><strong>WAS IHRE ANMELDUNG ENTH\u00c4LT<br \/>\n<\/strong>* Vollst\u00e4ndiger Zugang zu den Konferenzaktivit\u00e4ten<br \/>\n* Hotelunterkunft<br \/>\n* Mittag- und Abendessen w\u00e4hrend der Veranstaltung<br \/>\n* Galadinner<strong><br \/>\n<\/strong><\/p>\n<p><em><strong>Richtlinie f\u00fcr Begleitpersonen<\/strong><\/em><br \/>\n* Begleitpersonen teilen sich ein Zimmer mit einem registrierten Teilnehmer. Sie haben Zugang zur Vollpension und zum Gala-Dinner, aber <strong>keinen Zugang zu den Konferenzsitzungen oder Aktivit\u00e4ten<\/strong>.<\/p>\n","protected":false},"excerpt":{"rendered":"<p>WAS IHRE ANMELDUNG ENTH\u00c4LT * Vollst\u00e4ndiger Zugang zu den Konferenzaktivit\u00e4ten * Hotelunterkunft * Mittag- und Abendessen w\u00e4hrend der Veranstaltung * Galadinner Richtlinie f\u00fcr Begleitpersonen * Begleitpersonen teilen sich ein Zimmer mit einem registrierten Teilnehmer. Sie haben Zugang zur Vollpension und zum Gala-Dinner, aber keinen Zugang zu den Konferenzsitzungen oder Aktivit\u00e4ten.<\/p>\n","protected":false},"featured_media":6512,"template":"","meta":[],"product_brand":[],"product_cat":[105],"product_tag":[],"class_list":{"0":"post-5265","1":"product","2":"type-product","3":"status-publish","4":"has-post-thumbnail","6":"product_cat-konferenz","8":"first","9":"instock","10":"sale","11":"taxable","12":"shipping-taxable","13":"purchasable","14":"product-type-variable","15":"has-default-attributes"},"_links":{"self":[{"href":"https:\/\/tomatisconvention.com\/de\/wp-json\/wp\/v2\/product\/5265","targetHints":{"allow":["GET"]}}],"collection":[{"href":"https:\/\/tomatisconvention.com\/de\/wp-json\/wp\/v2\/product"}],"about":[{"href":"https:\/\/tomatisconvention.com\/de\/wp-json\/wp\/v2\/types\/product"}],"wp:featuredmedia":[{"embeddable":true,"href":"https:\/\/tomatisconvention.com\/de\/wp-json\/wp\/v2\/media\/6512"}],"wp:attachment":[{"href":"https:\/\/tomatisconvention.com\/de\/wp-json\/wp\/v2\/media?parent=5265"}],"wp:term":[{"taxonomy":"product_brand","embeddable":true,"href":"https:\/\/tomatisconvention.com\/de\/wp-json\/wp\/v2\/product_brand?post=5265"},{"taxonomy":"product_cat","embeddable":true,"href":"https:\/\/tomatisconvention.com\/de\/wp-json\/wp\/v2\/product_cat?post=5265"},{"taxonomy":"product_tag","embeddable":true,"href":"https:\/\/tomatisconvention.com\/de\/wp-json\/wp\/v2\/product_tag?post=5265"}],"curies":[{"name":"wp","href":"https:\/\/api.w.org\/{rel}","templated":true}]}}